{"id":38,"date":"2018-07-14T07:10:37","date_gmt":"2018-07-14T07:10:37","guid":{"rendered":"http:\/\/4thicoase.uoz.edu.krd\/?page_id=38"},"modified":"2022-09-18T06:18:48","modified_gmt":"2022-09-18T06:18:48","slug":"committees","status":"publish","type":"page","link":"https:\/\/4thicoase.uoz.edu.krd\/?page_id=38","title":{"rendered":"Committees"},"content":{"rendered":"\n<h4 class=\"wp-block-heading\" id=\"conference-honorary-chairmen\"><strong><span style=\"color: #008080;\"><strong>Conference Honorary Chairmen<\/strong><\/span><\/strong><\/h4>\n\n\n\n<div class=\"tmm tmm_committees\"><div class=\"tmm_3_columns tmm_wrap tmm_plugin_f\"><span class=\"tmm_two_containers_tablet\"><\/span><div class=\"tmm_container\"><div class=\"tmm_member\" style=\"border-top:#333333 solid 5px;\"><div class=\"tmm_photo tmm_pic_committees_0\" style=\"background: url(https:\/\/4thicoase.uoz.edu.krd\/wp-content\/uploads\/2022\/01\/Prof-Nadhim-1-10.jpeg); margin-left: auto; margin-right:auto; background-size:cover !important;\"><\/div><div class=\"tmm_textblock\"><div class=\"tmm_names\"><span class=\"tmm_fname\">Prof. Dr. Nadhim<\/span> <span class=\"tmm_lname\">Jakhsi<\/span><\/div><div class=\"tmm_job\">President of UoZ<\/div><div class=\"tmm_scblock\"><\/div><\/div><\/div><div class=\"tmm_member\" style=\"border-top:#333333 solid 5px;\"><div class=\"tmm_photo tmm_pic_committees_1\" style=\"background: url(https:\/\/4thicoase.uoz.edu.krd\/wp-content\/uploads\/2021\/12\/Prof-Alia-e1640532930647.jpeg); margin-left: auto; margin-right:auto; background-size:cover !important;\"><\/div><div class=\"tmm_textblock\"><div class=\"tmm_names\"><span class=\"tmm_fname\">Prof. Dr. Aylaa<\/span> <span class=\"tmm_lname\">Abbas<\/span><\/div><div class=\"tmm_job\">President of NTU<\/div><div class=\"tmm_scblock\"><\/div><\/div><\/div><span class=\"tmm_two_containers_tablet\"><\/span><div class=\"tmm_member\" style=\"border-top:#333333 solid 5px;\"><div class=\"tmm_photo tmm_pic_committees_2\" style=\"background: url(https:\/\/4thicoase.uoz.edu.krd\/wp-content\/uploads\/2022\/01\/Dr.-Aree-Adil-3.jpeg); margin-left: auto; margin-right:auto; background-size:cover !important;\"><\/div><div class=\"tmm_textblock\"><div class=\"tmm_names\"><span class=\"tmm_fname\">Prof. Dr. Aree<\/span> <span class=\"tmm_lname\">Adel<\/span><\/div><div class=\"tmm_job\">President of DPU<\/div><div class=\"tmm_scblock\"><\/div><\/div><\/div><div style=\"clear:both;\"><\/div><\/div><\/div><\/div>\n\n\n\n<h4 class=\"wp-block-heading\" id=\"conference-co-chairmen\"><\/h4>\n\n\n\n<p><\/p>\n\n\n\n<h3 class=\"wp-block-heading\"><a><\/a><a>Conference Honorary Chairmen<\/a><\/h3>\n\n\n\n<ul class=\"wp-block-list\"><li>Prof. Dr. Nadhim Jakhsi<strong>.<\/strong> (President of University of Zakho)<\/li><li>Prof. Dr. Aree Adel Abdulqader (President of Duhok Polytechnic University)<\/li><li>Prof. Dr. Aylaa Abbas (President of Northern Technical University)<\/li><\/ul>\n\n\n\n<h3 class=\"wp-block-heading\"><\/h3>\n\n\n\n<h3 class=\"wp-block-heading\"><a>Conference Co-Chairmen<\/a><\/h3>\n\n\n\n<ul class=\"wp-block-list\"><li>Asst. Prof. Dr. Karwan Jacksi (University of Zakho \u2013 IEEE Iraq Section)<\/li><li>Prof. Dr. Siddeeq Y. Ameen (Duhok Polytechnic University \u2013 IEEE Iraq Section)<\/li><li>Asst. Prof. Omar Rafae Alomar \u2013 Northern Technical University<\/li><li>Prof. Dr. Yaseen T. Mustafa (University of Zakho \u2013 IEEE Iraq Section)<\/li><li><span style=\"color: initial;\">Ms. Sabiha F. Jawad (Al-Mustansyriah University \u2013 IEEE Iraq Section)<\/span><\/li><\/ul>\n\n\n\n<h3 class=\"wp-block-heading\"><a>Conference Secretaries<\/a><\/h3>\n\n\n\n<ul class=\"wp-block-list\"><li>Asst. Prof. Dr. Ramadhan J. Mstafa (University of Zakho \u2013 IEEE Iraq Section)<\/li><li>Asst. Prof. Dr. Rakan Khalil ANTAR (Northern Technical University)<\/li><\/ul>\n\n\n\n<h3 class=\"wp-block-heading\"><a>International Scientific Committee<\/a><\/h3>\n\n\n\n<ul class=\"wp-block-list\"><li>Dr. Sattar B. Sadkhan \u2013 Babylon University \u2013 Iraq<\/li><li>Dr. Ali Shehrbaz \u2013 University of Northampton-UK<\/li><li>Dr. Fang Wang \u2013 Brunel University- London \u2013 UK<\/li><li>Dr. Ibrahim Omary \u2013 King Abdulaziz University- Saudi Arabia<\/li><li>Dr. Raad S. Fayath- Al-Nahrain University \u2013Iraq<\/li><li>Dr. \u00d6zen \u00d6ZER- K\u0131rklareli University, Turkey<\/li><li>Dr. Stefano Bregni- IEEE Communications Society- Italy<\/li><li>Dr. M. V. Ramana Murthy- Osmania University- India<\/li><li>Dr. Eva Volna- University of Ostrava, Czech Republic<\/li><li>Dr. Salah Naman \u2013 University of Zakho \u2013 Iraq<\/li><li>Dr. Sideeq Y. Ameen \u2013 Duhok Polytechnic University \u2013 Iraq<\/li><\/ul>\n\n\n\n<h3 class=\"wp-block-heading\"><a>National Scientific Committee<\/a><\/h3>\n\n\n\n<ul class=\"wp-block-list\"><li>Dr. Siddeeq Yousif Ameen<\/li><li>Dr. Subhi Rafeeq Mohammed<\/li><li>Dr. Yaseen T. Mustafa<\/li><li>Dr. Lokman A. Abdulkareem<\/li><li>Dr. Ramadhan J. Mstafa<\/li><li>Dr. Omar Mohammed Ali<\/li><li>Dr. Ayad Younis Abdullah<\/li><li>Dr. Haitham M. Wadullah<\/li><li>Dr. Ahmed J. Ali<\/li><li>Dr. Ammar Isam Edress Mohamed<\/li><li>Dr. Mohammed Yahya Suliman<\/li><li>Jasim Mohammed Abd<\/li><li>Dr. Jamal Ali Hassan Doski<\/li><li>Dr. Amira Bibo Salow<\/li><li>Dr.Hariwan Ibrahim<\/li><li>Dr. Salah Abdal Azou<\/li><li>Dr. Nawzat Sadiq Ahmad<\/li><li>Dr. Sherwan Mohammed Simo<\/li><li>Dr. Firas Mahmood Mustafa<\/li><li>Dr. Nabil Khalil Ismaeel<\/li><li>Dr. Idrees Sarhan Hussein Kocher<\/li><li>Dr. Emad A. Mohammed<\/li><li>Dr. Radhwan HaJi Ali<\/li><li>Dr. Ahmed Khazal Alazzawi<\/li><li>Dr. Raad Osman Ramadhan<\/li><li>Dr. Kanaan Ramadan Ahmed<\/li><li>Dr. Mudhafer H. Selman<\/li><li>Dr. Razan Abdulhammed<\/li><li>Dr. Amin Kalo Qasim<\/li><li>Dr. Shafika Sultan Abdullah<\/li><li>Dr. Faiza I. mohammed<\/li><li>Dr. Ahmed Fattah Abdulrahman<\/li><li>Dr. Ahmed Y. Ghazal<\/li><\/ul>\n\n\n\n<h3 class=\"wp-block-heading\"><a><\/a><a>Organizing Committee<\/a><\/h3>\n\n\n\n<ul class=\"wp-block-list\"><li>Dr. Siddeeq Yousif Ameen \u2013 Duhok Polytechnic University<\/li><li>Dr. Karwan Jacksi\u2013 University of Zakho \u2013 IEEE Iraq Section<\/li><li>Dr. Omar Rafae Alomar \u2013 Northern Technical University<\/li><li>Dr. Sattar B. Sadkhan \u2013 University of Babylon- IEEE Iraq Section<\/li><li>Dr. Yaseen T. Mustafa \u2013 University of Zakho<\/li><li>Dr. Mahir Khalid Ali \u2013 University of Zakho<\/li><li>Dr. Basim Saleem Ahmed \u2013 University of Zakho<\/li><li>Dr. Ismael Ali Ali \u2013 University of Zakho<\/li><li>Dr. Majed Khalil Najem &#8211; Northern Technical University<\/li><li>Dr. Fawwaz Fadhil Ali &#8211; Northern Technical University<\/li><li>Dr. Nabeel M. Abdulrazzaqi -Northern Technical University<\/li><\/ul>\n\n\n\n<h3 class=\"wp-block-heading\"><a><\/a><a>Coordinating Committee<\/a><\/h3>\n\n\n\n<h4 class=\"wp-block-heading\"><strong>Financial:<\/strong><\/h4>\n\n\n\n<ul class=\"wp-block-list\"><li>Dr. Salah Abdal Azou \u2013 Duhok Polytechnic University<\/li><li>Dr. Diyar Abdulkareem Saeed \u2013 University of Zakho<\/li><li>Dr. Sherwan Mostafa Sefdeen \u2013 Duhok Polytechnic University<\/li><li>Mr. Farhad Salim Jamil \u2013 University of Zakho<\/li><li>Mr. Issa Yahya Salman \u2013 University of Zakho<\/li><li>Mr. Omran\u00a0 Nizar Mohsen \u2013 Duhok Polytechnic University<\/li><li>Ms.Rondik Majeed Abdullah \u2013 Duhok Polytechnic University<\/li><li>Ms. Karwan Sulaiman Abdullah \u2013 Duhok Polytechnic University<\/li><li>Mr. Dirbas Binyamin Dirbas \u2013 Duhok Polytechnic University<\/li><li>Mr. Saleh Ibrahim Abduallh &#8211; Northern Technical University<\/li><li>Mr. Karam Hashim Mohammed &#8211; Northern Technical University<\/li><li>Mr. Moatasem Yaseen Al-Ridha &#8211; Northern Technical University<\/li><\/ul>\n\n\n\n<h4 class=\"wp-block-heading\"><strong>Administrative:<\/strong><\/h4>\n\n\n\n<ul class=\"wp-block-list\"><li>Dr. Salah Abdal Azou \u2013 Duhok Polytechnic University<\/li><li>Dr. Diyar Abdulkareem Saeed \u2013 University of Zakho<\/li><li>Dr. Rajab Ibrahim Hameed \u2013 Duhok Polytechnic University<\/li><li>Dr. Hadi Khalil Ismail \u2013 Duhok Polytechnic University<\/li><li>Dr. Aree Mohammed Ali \u2013 Duhok Polytechnic University<\/li><li>Dr. Farsat Ali Shaban \u2013 Duhok Polytechnic University<\/li><li>Mr. Lazgeen Mohammed Halo \u2013 University of Zakho<\/li><li>Mr. Sarwar Ahmed Mousa \u2013 University of Zakho<\/li><li>Mr. Sabah Mahmoud Salih \u2013 Duhok Polytechnic University<\/li><li>Mr. Jadir Aziz Jadir \u2013 Duhok Polytechnic University<\/li><li>Mr. Kawar Tahsin Salih \u2013 Duhok Polytechnic University<\/li><li>Mr. Mohammed F. Ibrahim ALSARRAJ &#8211; Northern Technical University<\/li><li>Mr. Aws Idrees Mahmood &#8211; Northern Technical University<\/li><\/ul>\n\n\n\n<h4 class=\"wp-block-heading\"><strong>&nbsp;<\/strong><\/h4>\n\n\n\n<h4 class=\"wp-block-heading\"><strong>Announcement\/Publishing\/Media\/Website:<\/strong><\/h4>\n\n\n\n<ul class=\"wp-block-list\"><li>Dr. Karwan Jacksi\u00a0\u2013 University of Zakho \u2013 IEEE IRAQ Section<\/li><li>Mr. Hussein Younis Hussein \u2013 University of Zakho<\/li><li>Ms. Awaz Sabah Ibrahim \u2013 University of Zakho<\/li><li>Rezan Rasheed Shiko \u2013 University of Zakho<\/li><li>Eng. Sinan Fadhil Salman \u2013 University of Zakho<\/li><li>Eng. Hazhar Abduljabbar Qasim \u2013 University of Zakho<\/li><li>Mr. Mamo Mohammad Hassan \u2013 Duhok Polytechnic University<\/li><li>Mr. Arman Ismail Mohammed \u2013 Duhok Polytechnic University<\/li><li>Mr. Omer M. Salih \u2013 Duhok Polytechnic University<\/li><li>Mr. Sarbast Hussain Ali \u2013 Duhok Polytechnic University<\/li><li>Mr. Hayman Suliman Hassan \u2013 Duhok Polytechnic University<\/li><li>Mr. Warhil M. Ali \u2013 Duhok Polytechnic University<\/li><li>Mr. Noor Nabeel &#8211; Northern Technical University<\/li><\/ul>\n\n\n\n<h4 class=\"wp-block-heading\"><strong>Reception:<\/strong><\/h4>\n\n\n\n<ul class=\"wp-block-list\"><li>Dr. Ban Adil Dawood \u2013 University of Zakho<\/li><li>Ms. Sivar Dilkhaz Salahaldeen \u2013 University of Zakho<\/li><li>Ms. Helan Ziyad Sami \u2013 University of Zakho<\/li><li>Ms. Vaman Mohammed Haji \u2013 University of Zakho<\/li><li>Ms. Payman Abdulsatar Abduljabbar \u2013 University of Zakho<\/li><li>Ms. Lina Naji Adam \u2013 University of Zakho<\/li><li>Ms. Ruwaida Khalil Ibrahim \u2013 University of Zakho<\/li><li>Mr. Sarkaft Rasheed Sulaiman \u2013 Duhok Polytechnic University<\/li><li>Ms. Payman Hassan Hohammad \u2013 Duhok Polytechnic University<\/li><li>Ms. Barin Haval Sideeq \u2013 Duhok Polytechnic University<\/li><li>Ms. Rojeen Y.M.Saleem \u2013 Duhok Polytechnic University<\/li><li>Ms. Noora Amer Taha \u2013 Duhok Polytechnic University<\/li><li>Ms. Shereen Mohammed Ali \u2013 Duhok Polytechnic University<\/li><li>Mr. Bayar M. Saeed \u2013 Duhok Polytechnic University<\/li><li>Mr. Anas Ahmad Zaki \u2013 Duhok Polytechnic University<\/li><li>Mrs. Ramzia Mahmood Ramo &#8211; Northern Technical University<\/li><li>Mr. Omar Nashwan &#8211; Northern Technical University<\/li><li>Mr. Mate Abduallh Yaaqoub &#8211; Northern Technical University<\/li><\/ul>\n\n\n\n<h4 class=\"wp-block-heading\"><strong>Quality Assurance Committee:<\/strong><\/h4>\n\n\n\n<ul class=\"wp-block-list\"><li>Dr. Dler Adil Jameel \u2013 University of Zakho<\/li><li>Dr. Ahmed Fattah Abdulrahman \u2013 University of Zakho<\/li><li>Dr. Wafaa Mustafa Abdullah \u2013 Duhok Polytechnic University<\/li><li>Mr. Karzan Awnio Abdeljabar \u2013 Duhok Polytechnic University<\/li><li>Mr. Mohammed Noor Sadiq \u2013 University of Zakho<\/li><li>Mr. Alaa Loqman Ibrahim \u2013 University of Zakho<\/li><li>Dr. Nabeel M. Abdulrazzaqi -Northern Technical University<\/li><\/ul>\n\n\n\n<h4 class=\"wp-block-heading\"><strong>Services Committee:<\/strong><\/h4>\n\n\n\n<ul class=\"wp-block-list\"><li>Mr. Beikas Yousif Hassan<\/li><li>Mr. Reiber Mohammad Salim<\/li><\/ul>\n\n\n\n<p><strong>Session Chairs and Assistants:<\/strong><\/p>\n\n\n\n<ul class=\"wp-block-list\"><li>Dr. Masoud Muhammed Hassan<\/li><li>Mr. Abdullah Abdullah<\/li><li>Dr. Maher Ali<\/li><li>Ms. Fanar Amin<\/li><li>Dr. Mahmood Yousuf<\/li><li>Ms. Safa Ibrahim<\/li><li>Dr. Ismael Ali<\/li><li>Ms. Lailan Muhsin Haji<\/li><li>Dr. Abdulhakeem O. Mohammed<\/li><li>Ms. Ayah Ahmed<\/li><li>Dr. Jihan Rasool<\/li><li>Mr. Mohammad Abdulwahab<\/li><li>Dr. Maiwan Bahjat Abdulrazzaq<\/li><li>Ms. Media Azzat<\/li><li>Dr. Siddeeq Yousif Ameen<\/li><li>Ms. Sevar Neamat<\/li><li>Dr. Shamal M.A. AL-Dohuki<\/li><li>Ms. Shereen Ahmed<\/li><li>Dr. Mayyadah Mahmood<\/li><li>Mr. Younis M. Younis<\/li><li>Dr. Razwan M.S. Najimaldeen<\/li><li>Mr. Haval Ismael Hussein<\/li><li>Dr. Amira Sallow<\/li><li>Mr. Majd Matti<\/li><li>Dr. Ahmad Baheej Al-Khalil<\/li><li>Dr. Adel Zebari<\/li><li>Dr. Mudhafer Selman<\/li><li>Mr. Qahar Mustafa Abdullah<\/li><li>Dr. Subhi Zeebaree<\/li><li>Dr. Rakan Khalil Antar<\/li><li>Dr. Nawzat Sadiq Ahmed<\/li><li>Ms. Vaman Haji<\/li><li>Dr. James Haido<\/li><li>Dr. Mudhafer Selman<\/li><li>Dr. Mahde Assafi<\/li><\/ul>\n","protected":false},"excerpt":{"rendered":"<p>Conference Honorary Chairmen Conference Honorary Chairmen Prof. Dr. Nadhim Jakhsi. (President of University of Zakho) Prof. Dr. Aree Adel Abdulqader (President of Duhok Polytechnic University) Prof. Dr. Aylaa Abbas (President&hellip; <\/p>\n","protected":false},"author":1,"featured_media":0,"parent":0,"menu_order":0,"comment_status":"closed","ping_status":"closed","template":"","meta":{"ngg_post_thumbnail":0,"footnotes":""},"class_list":["post-38","page","type-page","status-publish","hentry"],"_links":{"self":[{"href":"https:\/\/4thicoase.uoz.edu.krd\/index.php?rest_route=\/wp\/v2\/pages\/38","targetHints":{"allow":["GET"]}}],"collection":[{"href":"https:\/\/4thicoase.uoz.edu.krd\/index.php?rest_route=\/wp\/v2\/pages"}],"about":[{"href":"https:\/\/4thicoase.uoz.edu.krd\/index.php?rest_route=\/wp\/v2\/types\/page"}],"author":[{"embeddable":true,"href":"https:\/\/4thicoase.uoz.edu.krd\/index.php?rest_route=\/wp\/v2\/users\/1"}],"replies":[{"embeddable":true,"href":"https:\/\/4thicoase.uoz.edu.krd\/index.php?rest_route=%2Fwp%2Fv2%2Fcomments&post=38"}],"version-history":[{"count":56,"href":"https:\/\/4thicoase.uoz.edu.krd\/index.php?rest_route=\/wp\/v2\/pages\/38\/revisions"}],"predecessor-version":[{"id":4032,"href":"https:\/\/4thicoase.uoz.edu.krd\/index.php?rest_route=\/wp\/v2\/pages\/38\/revisions\/4032"}],"wp:attachment":[{"href":"https:\/\/4thicoase.uoz.edu.krd\/index.php?rest_route=%2Fwp%2Fv2%2Fmedia&parent=38"}],"curies":[{"name":"wp","href":"https:\/\/api.w.org\/{rel}","templated":true}]}}